{"id":178,"date":"2024-07-02T08:56:23","date_gmt":"2024-07-02T08:56:23","guid":{"rendered":"https:\/\/farrelite.com\/?page_id=178"},"modified":"2024-07-02T09:17:45","modified_gmt":"2024-07-02T09:17:45","slug":"terms-and-conditions","status":"publish","type":"page","link":"https:\/\/farrelite.com\/index.php\/terms-and-conditions\/","title":{"rendered":"Terms and conditions"},"content":{"rendered":"\t\t<div data-elementor-type=\"wp-page\" data-elementor-id=\"178\" class=\"elementor elementor-178\" data-elementor-post-type=\"page\">\n\t\t\t\t\t\t<section class=\"elementor-section elementor-top-section elementor-element elementor-element-fbfba4c elementor-section-boxed elementor-section-height-default elementor-section-height-default e-parent\" data-id=\"fbfba4c\" data-element_type=\"section\" data-e-type=\"section\" data-settings=\"{&quot;background_background&quot;:&quot;classic&quot;}\">\n\t\t\t\t\t\t<div class=\"elementor-container elementor-column-gap-default\">\n\t\t\t\t\t<div class=\"elementor-column elementor-col-100 elementor-top-column elementor-element elementor-element-344f880 lakit-col-width-auto-no\" data-id=\"344f880\" data-element_type=\"column\" data-e-type=\"column\">\n\t\t\t<div class=\"elementor-widget-wrap elementor-element-populated\">\n\t\t\t\t\t\t<div class=\"elementor-element elementor-element-206eb7d elementor-widget elementor-widget-heading\" data-id=\"206eb7d\" data-element_type=\"widget\" data-e-type=\"widget\" data-widget_type=\"heading.default\">\n\t\t\t\t<div class=\"elementor-widget-container\">\n\t\t\t\t\t<h1 class=\"elementor-heading-title elementor-size-default\">Terms and conditions<\/h1>\t\t\t\t<\/div>\n\t\t\t\t<\/div>\n\t\t\t\t\t<\/div>\n\t\t<\/div>\n\t\t\t\t\t<\/div>\n\t\t<\/section>\n\t\t<div class=\"elementor-element elementor-element-1374be5 e-flex e-con-boxed lakit-col-width-auto-no e-container e-root-container elementor-top-section e-con e-parent\" data-id=\"1374be5\" data-element_type=\"container\" data-e-type=\"container\">\n\t\t\t\t\t<div class=\"e-con-inner\">\n\t\t\t\t<div class=\"elementor-element elementor-element-b6c0c37 elementor-widget elementor-widget-text-editor\" data-id=\"b6c0c37\" data-element_type=\"widget\" data-e-type=\"widget\" data-widget_type=\"text-editor.default\">\n\t\t\t\t<div class=\"elementor-widget-container\">\n\t\t\t\t\t\t\t\t\t<ol><li>Toate informa\u021biile prezente pe acest site au caracter informativ, ele NU reprezint\u0103 oferte sau caracteristici exacte ale serviciilor \u0219i\/sau produselor pe care\u00a0FARR ELITE SRL \u00a0le ofer\u0103.<\/li><li>FARR ELITE SRL \u00a0are dreptul oric\u00e2nd \u0219i \u00een orice moment s\u0103 schimbe sau s\u0103 modifice con\u021binutul \u0219i\/sau structura site-ului, f\u0103r\u0103 a te informa dinainte.<\/li><li>Site-ul www.farrelite.com con\u021bine informa\u021bii c\u00e2t mai clare \u0219i mai concise \u00eens\u0103 acestea reprezint\u0103 numai o imagine de ansamblu a ceea ce \u00eensumeaz\u0103, de fapt, activitatea FARR ELITE SRL<\/li><li>FARR ELITE SRL \u00a0nu este responsabil\u0103 pentru nicio eroare, inadverten\u021b\u0103 ori descriere eronat\u0103 a informa\u021biilor, care au fost preluate din surse externe, precum site-urile partenerilor, institu\u021bii de stat, legi aflate \u00een vigoare \u0219.a.m.d.\u00a0FARR ELITE SRL \u00a0preia, cu bun\u0103 credin\u021b\u0103, toate inform\u0103rile publice ale ter\u021bilor, \u00eens\u0103 responsabilitatea pentru corectitudinea \u0219i actualitatea informa\u021biilor preluate apar\u021bin exclusiv entit\u0103\u021bilor emitente.<\/li><li>Dac\u0103 dore\u0219ti s\u0103 achizi\u021bionezi sau vrei s\u0103 te informezi despre unul din serviciile \u0219i\/sau produsele prezente pe acest site, e\u0219ti rugat s\u0103 accesezi formularul de contact sau s\u0103 trimi\u021bi un e-mail la adresa\u00a0info@farrelite.com<\/li><li>FARR ELITE SRL \u00a0folose\u0219te, de asemenea, datele tale personale \u0219i \u00een scopuri de marketing. \u00ce\u021bi prelucr\u0103m datele personale pentru a-\u021bi trimite buletine informative (newslettere) pe e-mail, mesaje \u0219i\/sau apeluri telefonice, pentru a-\u021bi oferi informa\u021bii utile despre serviciile noastre, dar \u0219i despre produsele oferite de partenerii no\u0219tri. Dac\u0103 nu dore\u0219ti s\u0103 fii informat proactiv cu privire la ofertele \u0219i nout\u0103\u021bile companiei noastre, te po\u021bi dezabona oric\u00e2nd.<\/li><li>FARR ELITE SRL \u00a0se angajeaz\u0103 s\u0103 foloseasc\u0103 datele tale personale sau datele companiei \u00een numele c\u0103reia ne contacta\u021bi \u00een conformitate cu obiectivele prev\u0103zute, \u0219i se oblig\u0103 s\u0103 p\u0103streze confiden\u021bialitatea datelor personale colectate \u00een condi\u021biile prev\u0103zute de lege. Acest angajament de confiden\u021bialitate nu se extinde asupra paginilor web ale ter\u021bilor cu link-uri c\u0103tre site-ul nostru.<\/li><li>FARR ELITE SRL \u00a0folose\u0219te datele tale cu scopul realiz\u0103rii de statistici, pentru a \u00eembun\u0103t\u0103\u021bi calitatea serviciilor noastre \u0219i pentru a contura \u0219i \u00een\u021belege mai bine profilul clien\u021bilor no\u0219tri, vom colecta \u0219i folosi, de asemenea, date nepersonalizate.<\/li><li>Prin acceptarea acestor termeni \u0219i condi\u021bii, \u00ee\u021bi dai acordul \u00een mod expres ca anumite date personale pe care le furnizezi prin intermediul formularului de contact s\u0103 fie stocate \u0219i prelucrate de c\u0103tre\u00a0FARR ELITE SRL . Declari expres \u0219i neechivoc faptul c\u0103 ai luat la cuno\u0219tin\u021b\u0103 prevederile Legii 679\/2016 \u0219i complet\u0103rile aduse de Legea nr. 190\/2018 privind m\u0103surile de punere \u00een aplicare a respectivului regulament \u0219i drepturile prev\u0103zute \u00een cuprinsul acestei legi, pe care le po\u021bi exercita, de asemenea, conform prevederilor legale.<\/li><li>Prin Legea nr. 679\/2016 care protejeaz\u0103 persoanele cu privire la prelucrarea datelor cu caracter personal \u0219i libera lor circula\u021bie, dispui de urm\u0103toarele drepturi:<\/li><\/ol><ul><li>&#8211; s\u0103 solicita\u021bi acces la informa\u021biile dvs. \u0219i informa\u021bii referitoare la utilizarea \u0219i prelucrarea informa\u021biilor dvs.;<\/li><li>&#8211; s\u0103 solicita\u021bi corectarea sau \u0219tergerea datelor dvs.;<\/li><li>&#8211; s\u0103 solicita\u021bi limitarea utiliz\u0103rii datelor dvs.;<\/li><li>&#8211; s\u0103 primi\u021bi informa\u021biile pe care ni le-a\u021bi furnizat \u00eentr-un format structurat, utilizat \u00een mod obi\u0219nuit \u0219i care poate fi citit de un dispozitiv (de exemplu, un fi\u0219ier text sau excel) \u0219i dreptul de a transfera informa\u021biile respective unui alt operator de date;<\/li><li>&#8211; s\u0103 obiecta\u021bi asupra proces\u0103rii datelor dvs. \u00een anumite scopuri;<\/li><li>&#8211; s\u0103 v\u0103 retrage\u021bi consim\u021b\u0103m\u00e2ntul pentru utilizarea datelor dvs. dac\u0103 temeiul legal al proces\u0103rii este consim\u021b\u0103m\u00e2ntul. V\u0103 rug\u0103m s\u0103 re\u021bine\u021bi c\u0103, dac\u0103 v\u0103 retrage\u021bi consim\u021b\u0103m\u00e2ntul, acest lucru nu va afecta legalitatea utiliz\u0103rii \u0219i prelucr\u0103rii datelor dvs. pe baza consim\u021b\u0103m\u00e2ntului dvs. \u00eenainte de momentul la care v\u0103 retrage\u021bi consim\u021b\u0103m\u00e2ntul.<\/li><li>&#8211; dreptul de a nu fi supus unei decizii bazate exclusiv pe prelucrarea automatizat\u0103, inclusiv profilarea care produce efecte juridice asupra dvs. sau v\u0103 afecteaz\u0103 semnificativ \u00een mod similar.<\/li><\/ul><p>Ave\u021bi, de asemenea, dreptul de a depune o pl\u00e2ngere c\u0103tre autoritatea de supraveghere pentru orice presupus\u0103 \u00eenc\u0103lcare a protec\u021biei generale a datelor dvs. cu caracter personal.<\/p><p>Aten\u021bie, \u00een cazul \u00een care solicita\u021bi acces la informa\u021biile dvs., suntem obliga\u021bi prin lege s\u0103 folosim toate m\u0103surile rezonabile pentru a v\u0103 verifica identitatea \u00eenainte de a face acest lucru. Aceste m\u0103suri sunt concepute pentru a v\u0103 proteja informa\u021biile \u0219i pentru a reduce riscul de fraud\u0103 de identitate, de furt de identitate sau de acces general neautorizat la informa\u021biile dvs.<\/p><p><strong>Datele personale sensibile<\/strong>\u00a0sunt informa\u021bii despre un individ care dezv\u0103luie originea rasial\u0103 sau etnic\u0103, opiniile politice, credin\u021bele religioase sau filosofice sau calitatea de membru al unui sindicat, informa\u021biile genetice, informa\u021biile biometrice \u00een scopul identific\u0103rii unice a unui individ, informa\u021biile privind via\u021ba sexual\u0103 sau orientarea sexual\u0103 a unei persoane fizice.<\/p><p>\u00a0<\/p><p>Nu colect\u0103m cu bun\u0103 \u0219tiin\u021b\u0103 sau \u00een mod inten\u021bionat informa\u021bii personale sensibile de la persoane fizice \u0219i v\u0103 rug\u0103m in consecin\u021b\u0103 s\u0103 nu ne furniza\u021bi astfel de date. Dac\u0103, totu\u0219i, ne transmite\u021bi din gre\u0219eal\u0103 sau \u00een mod inten\u021bionat date personale sensibile le vom procesa strict in scopul \u0219tergerii acestora.<\/p><ol><li>Pentru a te informa asupra drepturilor tale, te rug\u0103m s\u0103 vizitezi site-ul\u00a0<a href=\"http:\/\/www.dataprotection.ro\/\">Autorit\u0103\u021bii Na\u021bionale de Supraveghere a Prelucr\u0103rii Datelor cu Caracter Personal<\/a>.<\/li><li>Pentru exercitarea acestor drepturi, te rug\u0103m s\u0103 ne suni sau s\u0103 ne contactezi prin intermediul sec\u021biunii CONTACT din acest site.<\/li><li>Datele tale personale nu vor fi \u00eenstr\u0103inate sau v\u00e2ndute.<\/li><li>Datele tale personale nu vor fi preclucrate \u00een scopuri ilegale sau care te-ar putea leza \u00een vreun fel<\/li><li>Este interzis\u0103 reproducerea sau republicarea, sub orice form\u0103, a con\u021binutului materialelor prezente pe www.farrelite.com f\u0103r\u0103 acordul\u00a0FARR ELITE SRL .<\/li><\/ol><p>Ultima modificare a acestui material: 07.02.2024<\/p><p>\u00a0<\/p>\t\t\t\t\t\t\t\t<\/div>\n\t\t\t\t<\/div>\n\t\t\t\t\t<\/div>\n\t\t\t\t<\/div>\n\t\t\t\t<\/div>\n\t\t","protected":false},"excerpt":{"rendered":"<p>Terms and conditions Toate informa\u021biile prezente pe acest site au caracter informativ, ele NU reprezint\u0103 oferte sau caracteristici exacte ale serviciilor \u0219i\/sau produselor pe care\u00a0FARR ELITE SRL \u00a0le ofer\u0103. FARR ELITE SRL \u00a0are dreptul oric\u00e2nd \u0219i \u00een orice moment s\u0103 schimbe sau s\u0103 modifice con\u021binutul \u0219i\/sau structura site-ului, f\u0103r\u0103 a te informa dinainte. Site-ul www.farrelite.com [&hellip;]<\/p>\n","protected":false},"author":1,"featured_media":0,"parent":0,"menu_order":0,"comment_status":"closed","ping_status":"closed","template":"","meta":{"footnotes":""},"class_list":["post-178","page","type-page","status-publish","hentry"],"_links":{"self":[{"href":"https:\/\/farrelite.com\/index.php\/wp-json\/wp\/v2\/pages\/178","targetHints":{"allow":["GET"]}}],"collection":[{"href":"https:\/\/farrelite.com\/index.php\/wp-json\/wp\/v2\/pages"}],"about":[{"href":"https:\/\/farrelite.com\/index.php\/wp-json\/wp\/v2\/types\/page"}],"author":[{"embeddable":true,"href":"https:\/\/farrelite.com\/index.php\/wp-json\/wp\/v2\/users\/1"}],"replies":[{"embeddable":true,"href":"https:\/\/farrelite.com\/index.php\/wp-json\/wp\/v2\/comments?post=178"}],"version-history":[{"count":7,"href":"https:\/\/farrelite.com\/index.php\/wp-json\/wp\/v2\/pages\/178\/revisions"}],"predecessor-version":[{"id":228,"href":"https:\/\/farrelite.com\/index.php\/wp-json\/wp\/v2\/pages\/178\/revisions\/228"}],"wp:attachment":[{"href":"https:\/\/farrelite.com\/index.php\/wp-json\/wp\/v2\/media?parent=178"}],"curies":[{"name":"wp","href":"https:\/\/api.w.org\/{rel}","templated":true}]}}