{"id":180,"date":"2024-07-02T08:56:47","date_gmt":"2024-07-02T08:56:47","guid":{"rendered":"https:\/\/farrelite.com\/?page_id=180"},"modified":"2025-11-24T16:00:32","modified_gmt":"2025-11-24T16:00:32","slug":"privacy-policy","status":"publish","type":"page","link":"https:\/\/farrelite.com\/index.php\/privacy-policy\/","title":{"rendered":"Privacy policy"},"content":{"rendered":"\t\t<div data-elementor-type=\"wp-page\" data-elementor-id=\"180\" class=\"elementor elementor-180\" data-elementor-post-type=\"page\">\n\t\t\t\t\t\t<section class=\"elementor-section elementor-top-section elementor-element elementor-element-592946a elementor-section-boxed elementor-section-height-default elementor-section-height-default e-parent\" data-id=\"592946a\" data-element_type=\"section\" data-e-type=\"section\" data-settings=\"{&quot;background_background&quot;:&quot;classic&quot;}\">\n\t\t\t\t\t\t<div class=\"elementor-container elementor-column-gap-default\">\n\t\t\t\t\t<div class=\"elementor-column elementor-col-100 elementor-top-column elementor-element elementor-element-b0cac10 lakit-col-width-auto-no\" data-id=\"b0cac10\" data-element_type=\"column\" data-e-type=\"column\">\n\t\t\t<div class=\"elementor-widget-wrap elementor-element-populated\">\n\t\t\t\t\t\t<div class=\"elementor-element elementor-element-29d2d58 elementor-widget elementor-widget-heading\" data-id=\"29d2d58\" data-element_type=\"widget\" data-e-type=\"widget\" data-widget_type=\"heading.default\">\n\t\t\t\t<div class=\"elementor-widget-container\">\n\t\t\t\t\t<h1 class=\"elementor-heading-title elementor-size-default\">Privacy policy<\/h1>\t\t\t\t<\/div>\n\t\t\t\t<\/div>\n\t\t\t\t\t<\/div>\n\t\t<\/div>\n\t\t\t\t\t<\/div>\n\t\t<\/section>\n\t\t<div class=\"elementor-element elementor-element-cdfbf26 e-flex e-con-boxed lakit-col-width-auto-no e-container e-root-container elementor-top-section e-con e-parent\" data-id=\"cdfbf26\" data-element_type=\"container\" data-e-type=\"container\">\n\t\t\t\t\t<div class=\"e-con-inner\">\n\t\t\t\t<div class=\"elementor-element elementor-element-71cc34d elementor-widget elementor-widget-text-editor\" data-id=\"71cc34d\" data-element_type=\"widget\" data-e-type=\"widget\" data-widget_type=\"text-editor.default\">\n\t\t\t\t<div class=\"elementor-widget-container\">\n\t\t\t\t\t\t\t\t\t<p><strong>Declara\u021bia de confiden\u021bialitate<\/strong><\/p><p>V\u0103 respect\u0103m confiden\u021bialitatea \u0219i ne angaj\u0103m s\u0103 v\u0103 protej\u0103m datele personale. Aceast\u0103 politic\u0103 de confiden\u021bialitate v\u0103 informeaz\u0103 cu privire la modul \u00een care gestion\u0103m datele dvs. cu caracter personal, drepturile dvs. \u0219i modul \u00een care v\u0103 protejeaz\u0103 legea. Citi\u021bi cu aten\u021bie aceast\u0103 politic\u0103 de confiden\u021bialitate \u00eenainte de a utiliza serviciile noastre.<\/p><ol><li><strong> Operatorul de date cu caracter personal<\/strong><\/li><\/ol><p>FARR ELITE SRL \u00a0este un operator de date cu caracter personal, conform defini\u021biei data acestei categorii in cadrul GDPR.<\/p><p>Dac\u0103 ave\u021bi \u00eentreb\u0103ri cu privire la aceast\u0103 politic\u0103 de confiden\u021bialitate, v\u0103 rug\u0103m s\u0103 contacta\u021bi responsabilul cu protec\u021bia datelor cu caracter personal la adresa de e-mail\u00a0info@farrelite.com<\/p><ol start=\"2\"><li><strong> Ce date colect\u0103m despre dumneavoastr\u0103?<\/strong><\/li><\/ol><p><strong>2.1 Informa\u021biile pe care le colect\u0103m atunci c\u00e2nd ne contacta\u021bi<\/strong><\/p><p>C\u00e2nd v\u0103 \u00eenregistra\u021bi pentru a solicita serviciile noastre, c\u00e2nd folosi\u021bi serviciul de chat sau formularul de contact colect\u0103m urm\u0103toarele informa\u021bii despre dvs.:<\/p><ul><li>Nume \u0219i prenume;<\/li><li>Adresa de email;<\/li><li>Numarul de telefon;<\/li><li>Jude\u021bul de domiciliu;<\/li><li>Tipul de serviciu pentru care dori\u021bi s\u0103 aplica\u021bi;<\/li><\/ul><p>Utiliz\u0103m informa\u021biile de furnizate strict pentru a realiza comunicarea cu dvs., in spe\u021bele cerute de dvs.<\/p><p><strong>2.2 Informa\u021bii despre interac\u021biunea dumneavoastr\u0103 cu website-ul <\/strong>www.farrelite.com<\/p><p>Serverul nostru de site web \u00eenregistreaz\u0103 automat adresa IP pe care o utiliza\u021bi pentru a accesa site-ul nostru web, precum \u0219i alte informa\u021bii despre vizita dvs., cum ar fi paginile accesate, informa\u021biile solicitate, data \u0219i ora solicit\u0103rii, sursa accesului la site-ul nostru (de exemplu, site-ul web sau URL-ul (linkul) care v-a referit la site-ul nostru), \u0219i versiunea browser-ului \u0219i sistemului de operare.<\/p><p>Utiliz\u0103m informa\u021biile din log-urile serverului website-ului \u00een scopuri de securitate IT, pentru a analiza utilizarea site-ului \u0219i pentru a \u00eembun\u0103t\u0103\u021bi site-ul nostru.<\/p><p>Folosim cookie-uri pentru a-\u021bi asigura o navigare pl\u0103cut\u0103 \u0219i eficient\u0103 \u00een cadrul website-ului. Cite\u0219te mai multe despre cookie-uri si modul in care le gestion\u0103m la adresa\u00a0 https:\/\/farrelite.com\/index.php\/cookie-policy\/<\/p><ol start=\"3\"><li><strong> De ce proces\u0103m date dvs. personale?<\/strong><\/li><\/ol><p>Proces\u0103m datele dvs.cu caracter personal strict \u00een limitele legale. Cel mai frecvent, folosim datele dvs. cu caracter personal \u00een urm\u0103toarele situa\u021bii:<\/p><ul><li>\u00een cazul \u00een care ne cere\u021bi informa\u021bii prin intermediul formularului de contact pentru a r\u0103spunde solicit\u0103rilor dumneavoastr\u0103;<\/li><li>\u00cen cadrul proceselor legate de tehnologia informa\u021biei \u2013 mentenan\u021ba sistemelor informatice, asigurarea unei platforme website securizate.<\/li><li>Atunci c\u00e2nd suntem solicita\u021bi s\u0103 respect\u0103m o obliga\u021bie legal\u0103 sau de reglementare.<\/li><\/ul><p>Am descris mai sus modul \u00een care folosim datele dvs. personale \u0219i temeiurile juridice pe care ne baz\u0103m \u00een acest sens. De asemenea, am identificat care sunt interesele noastre legitime, unde este cazul. Red\u0103m succint scopurile colect\u0103rii datelor dvs. cu caracter personal:<\/p><ul><li>\u00een scopul desf\u0103\u015fur\u0103rii activit\u0103\u0163ii FARR ELITE SRL \u00a0poate prelucra \u0219i stoca datele dvs. cu caracter personal, inclusiv nume, prenume, num\u0103r de telefon, adres\u0103 de e-mail, date ob\u021binute prin completarea formularului de contact prezent pe site-ul nostru;<\/li><li>\u00een scopul desfasurarii activit\u0103\u021bilor de marketing \u0219i publicitate, FARR ELITE SRL \u00a0poate prelucra \u0219i stoca datele personale de identificare \u0219i \/ sau de contact, ob\u0163inute \u00een baza formularelor, mesajelor, e-mail-urilor, declara\u0163iilor \u015fi documentelor de orice fel depuse, redactate sau completate, necesare pentru a v\u0103 contacta cu scopul de promovare a propriilor servicii \u0219i produse.<\/li><\/ul><ol start=\"4\"><li><strong> Dezv\u0103luirea datelor dvs. cu caracter personal<\/strong><\/li><\/ol><p>Aceast\u0103 sec\u021biune stabile\u0219te circumstan\u021bele \u00een care vom dezv\u0103lui datele dvs. unor p\u0103r\u021bi ter\u021be \u0219i orice alte scopuri suplimentare pentru care utiliz\u0103m datele dvs.<\/p><p>Utiliz\u0103m o serie de ter\u021bi \u00een scopul de a ne furniza serviciile necesare pentru a derula website-ul \u0219i care proceseaz\u0103 informa\u021biile dvs. pentru noi \u00een numele nostru. Acestea includ urm\u0103toarele:<\/p><ul><li>Furnizorul de servicii de e-mail.<\/li><li>Furnizorul de servicii de g\u0103zduire web.<\/li><li>Furnizorul de servicii de mentenan\u021b\u0103 sisteme informatice.<\/li><\/ul><p>Informa\u021biile dvs. vor fi partajate cu ace\u0219ti furnizori de servicii, acolo unde este necesar, pentru a v\u0103 oferi serviciul pe care l-a\u021bi solicitat, indiferent dac\u0103 aceast\u0103 solicitare este de accesare a site-ului nostru sau de solicitare de servicii.<\/p><p>Ocazional, ob\u021binem sfaturi de la consultan\u021bi, cum ar fi contabili, consultan\u021bi financiari, avoca\u021bi, evaluatori, notari etc. Vom partaja informa\u021biile dvs. cu aceste p\u0103r\u021bi ter\u021be numai \u00een cazul \u00een care este necesar \u0219i pentru a permite acestor ter\u021be p\u0103r\u021bi s\u0103 ne ofere consultan\u021ba relevant\u0103 pentru rela\u021bia pe care o are FARR ELITE SRL \u00a0cu dvs.<\/p><p>\u00cen cazul \u00een care suspect\u0103m c\u0103 a avut loc un comportament infrac\u021bional sau poten\u021bial infrac\u021bional, ar putea fi necesar, \u00een anumite circumstan\u021be, s\u0103 contact\u0103m o autoritate competent\u0103, cum ar fi poli\u021bia sau procuratura.<\/p><p>Este posibil s\u0103 fie necesar s\u0103 utiliz\u0103m informa\u021biile dvs. dac\u0103 suntem implica\u021bi \u00eentr-o litigiu cu dvs. sau cu o parte ter\u021b\u0103, fie pentru a rezolva litigiul, fie ca parte a medierii, arbitrajului sau a unei hot\u0103r\u00e2ri judec\u0103tore\u0219ti sau a unui proces similar.<\/p><p>Vom utiliza \u0219i procesa informa\u021biile dvs. pentru a respecta obliga\u021biile legale la care suntem supu\u0219i. Astfel este posibil s\u0103 fie necesar s\u0103 dezv\u0103luim informa\u021biile dvs. cu caracter personal \u00een baza unei hot\u0103r\u00e2ri judec\u0103tore\u0219ti sau a unei cita\u021bii.<\/p><ol start=\"5\"><li><strong> Transferul informa\u021biilor dvs.:<\/strong><\/li><\/ol><p>Informa\u021biile dvs. nu vor fi transferate \u0219i stocate \u00een afara Spa\u021biului Economic European (SEE). V\u0103 vom transfera informa\u021biile \u00een afara SEE sau la o organiza\u021bie interna\u021bional\u0103 pentru a respecta obliga\u021biile legale fa\u021b\u0103 de care suntem supu\u0219i (de exemplu, conformarea cu o hot\u0103r\u00e2re judec\u0103toreasc\u0103). \u00cen cazul \u00een care suntem obliga\u021bi s\u0103 facem acest lucru, vom asigura garan\u021bii \u0219i protec\u021bii adecvate.<\/p><p><strong>5.1 E-mail.<\/strong>\u00a0Informa\u021biile pe care ni le trimite\u021bi prin e-mail sunt transferate \u00een interiorul SEE \u0219i stocate pe serverele furnizorului nostru de servicii de e-mail ter\u021b\u0103 parte.<\/p><p><strong><em>\u021aara unde stoc\u0103m datele: Rom\u00e2nia<\/em><\/strong><\/p><p><strong>5.2 Google Analytics.<\/strong> Informa\u021biile colectate de Google Analytics (adresa IP \u0219i ac\u021biunile pe care le efectua\u021bi pe site-ul nostru) sunt transferate \u00een afara SEE \u0219i stocate pe serverele Google. Pute\u021bi accesa politica de confiden\u021bialitate Google aici: <a href=\"https:\/\/policies.google.com\/privacy\">https:\/\/policies.google.com\/privacy<\/a><\/p><p>M\u0103surile de siguran\u021b\u0103 utilizate: Google a certificat automat conformitatea cu protec\u021bia privat\u0103 UE-SUA, disponibil\u0103 aici:\u00a0<a href=\"https:\/\/www.privacyshield.gov\/welcome\">https:\/\/www.privacyshield.gov\/welcome<\/a>. Protec\u021bia de confiden\u021bialitate UE-SUA este un mecanism de certificare aprobat \u00een temeiul articolului 42 din Regulamentul general privind protec\u021bia datelor, care este permis \u00een temeiul articolului 46 alineatul (2) litera (f) din Regulamentul general privind protec\u021bia datelor. Pute\u021bi accesa decizia Comisiei Europene privind caracterul adecvat al scutului de protec\u021bie a datelor UE-SUA aici: <a href=\"https:\/\/commission.europa.eu\/law\/law-topic\/data-protection\/international-dimension-data-protection\/adequacy-decisions_en\">https:\/\/commission.europa.eu\/law\/law-topic\/data-protection\/international-dimension-data-protection\/adequacy-decisions_en<\/a><\/p><ol start=\"6\"><li><strong> Modalitatea si termenul de stocare a datelor<\/strong><\/li><\/ol><p>Datele pe care le colect\u0103m despre dvs. vor fi stocate \u0219i procesate \u00een interiorul sau \u00een afara \u021b\u0103rii, dup\u0103 caz, pe servere securizate, pentru a oferi cea mai bun\u0103 experien\u021b\u0103 posibil\u0103 pentru utilizatori.<\/p><p>Am stabilit perioade de p\u0103strare specifice acolo unde este posibil. \u00cen cazul \u00een care acest lucru nu a fost posibil, am stabilit criteriile pe care le folosim pentru a determina perioada de reten\u021bie.<\/p><p><strong>Perioade de retentie<\/strong><\/p><p>Informa\u021biile privind serviciile solicitate sunt p\u0103strate timp de zece ani de la \u00eencheierea exerci\u021biului financiar \u00een care a\u021bi plasat solicitarea, \u00een conformitate cu obliga\u021biile legale fiscale.<\/p><p><strong><em>Criterii pentru stabilirea perioadelor de p\u0103strare<\/em><\/strong><\/p><p>\u00cen orice alte circumstan\u021be, v\u0103 vom p\u0103stra informa\u021biile doar at\u00e2t timp c\u00e2t vor fi necesare, lu\u00e2nd \u00een considerare urm\u0103toarele:<\/p><ul><li>scopul (scopurile) \u0219i utilizarea informa\u021biilor dvs. at\u00e2t \u00een prezent, c\u00e2t \u0219i \u00een viitor (spre exemplu, dac\u0103 este necesar s\u0103 continu\u0103m stocarea acelor informa\u021bii pentru a continua s\u0103 ne \u00eendeplinim obliga\u021biile \u00een baza unui contract cu dvs. sau s\u0103 v\u0103 contact\u0103m \u00een viitor);<\/li><li>dac\u0103 avem o obliga\u021bie legal\u0103 de a continua prelucrarea informa\u021biilor dvs. (cum ar fi orice obliga\u021bii de p\u0103strare a \u00eenregistr\u0103rilor impuse de legea sau reglement\u0103rile relevante);<\/li><li>dac\u0103 avem orice temei legal pentru a continua prelucrarea informa\u021biilor (cum ar fi consim\u021b\u0103m\u00e2ntul dvs.);<\/li><li>nivelurile de risc, cost \u0219i responsabilitate implicate \u00een continuarea de\u021binerii informa\u021biilor.<\/li><\/ul><ol start=\"7\"><li><strong> M\u0103suri tehnice \u0219i organizatorice de securizare a datelor dvs.<\/strong><\/li><\/ol><p>Lu\u0103m m\u0103suri tehnice \u0219i organizatorice adecvate pentru a v\u0103 asigura informa\u021biile \u0219i pentru a le proteja \u00eempotriva utiliz\u0103rii neautorizate sau ilegale \u0219i a pierderii sau distrugerii accidentale, inclusiv:<\/p><ul><li>partajarea \u0219i furnizarea accesului la datele dvs. \u00een m\u0103sura minim\u0103 necesar\u0103, sub rezerva restric\u021biilor de confiden\u021bialitate, acolo unde este cazul \u0219i \u00een mod anonim, ori de c\u00e2te ori este posibil;<\/li><li>folosirea serverelor securizate pentru stocarea informa\u021biilor;<\/li><li>verificarea identit\u0103\u021bii \u0219i drepturilor de acces a oric\u0103rei persoane care solicit\u0103 accesul la informa\u021bii \u00eenainte de a le acorda acces la informa\u021bii;<\/li><li>transfer\u0103m datele dvs. c\u0103tre ter\u021bi doar prin intermediul unor sisteme cu acces \u00eenchis sau prin transferuri de date criptate.<\/li><\/ul><p>Transmiterea informa\u021biilor pe internet nu este \u00een \u00eentregime sigur\u0103 \u0219i dac\u0103 ne trimite\u021bi informa\u021bii necriptate prin intermediul internetului (prin e-mail, prin intermediul site-ului nostru sau prin orice alt mijloc), face\u021bi acest lucru pe propriul risc.<\/p><ol start=\"8\"><li><strong> Drepturile dvs. asupra datelor personale<\/strong><\/li><\/ol><p>Sub rezerva anumitor restric\u021bii privind anumite drepturi, ave\u021bi urm\u0103toarele drepturi \u00een leg\u0103tur\u0103 cu datele dvs. pe care le pute\u021bi exercita prin transmiterea unui e-mail c\u0103tre info@farrelite.com<\/p><ul><li>s\u0103 solicita\u021bi corectarea sau \u0219tergerea datelor dvs.;<\/li><\/ul><ul><li>s\u0103 solicita\u021bi acces la informa\u021biile dvs. \u0219i informa\u021bii referitoare la utilizarea \u0219i prelucrarea informa\u021biilor dvs.;<\/li><\/ul><ul><li>s\u0103 solicita\u021bi limitarea utiliz\u0103rii datelor dvs.;<\/li><li>s\u0103 primi\u021bi informa\u021biile pe care ni le-a\u021bi furnizat \u00eentr-un format structurat, utilizat \u00een mod obi\u0219nuit \u0219i care poate fi citit de un dispozitiv (de exemplu, un fi\u0219ier text sau excel) \u0219i dreptul de a transfera informa\u021biile respective unui alt operator de date;<\/li><li>s\u0103 obiecta\u021bi asupra proces\u0103rii datelor dvs. \u00een anumite scopuri; \u0219i<\/li><li>s\u0103 v\u0103 retrage\u021bi consim\u021b\u0103m\u00e2ntul pentru utilizarea datelor dvs. dac\u0103 temeiul legal al proces\u0103rii este consim\u021b\u0103m\u00e2ntul. V\u0103 rug\u0103m s\u0103 re\u021bine\u021bi c\u0103, dac\u0103 v\u0103 retrage\u021bi consim\u021b\u0103m\u00e2ntul, acest lucru nu va afecta legalitatea utiliz\u0103rii \u0219i prelucr\u0103rii datelor dvs. pe baza consim\u021b\u0103m\u00e2ntului dvs. \u00eenainte de momentul la care v\u0103 retrage\u021bi consim\u021b\u0103m\u00e2ntul.<\/li><li>dreptul de a nu fi supus unei decizii bazate exclusiv pe prelucrarea automatizat\u0103, inclusiv profilarea care produce efecte juridice asupra dvs. sau v\u0103 afecteaz\u0103 semnificativ \u00een mod similar.<\/li><\/ul><p>Ave\u021bi, de asemenea, dreptul de a depune o pl\u00e2ngere c\u0103tre autoritatea de supraveghere pentru orice presupus\u0103 \u00eenc\u0103lcare a protec\u021biei generale a datelor dvs. cu caracter personal.<\/p><p>Aten\u021bie, \u00een cazul \u00een care solicita\u021bi acces la informa\u021biile dvs., suntem obliga\u021bi prin lege s\u0103 folosim toate m\u0103surile rezonabile pentru a v\u0103 verifica identitatea \u00eenainte de a face acest lucru. Aceste m\u0103suri sunt concepute pentru a v\u0103 proteja informa\u021biile \u0219i pentru a reduce riscul de fraud\u0103 de identitate, de furt de identitate sau de acces general neautorizat la informa\u021biile dvs.<\/p><p><strong>Datele personale sensibile<\/strong>\u00a0sunt informa\u021bii despre un individ care dezv\u0103luie originea rasial\u0103 sau etnic\u0103, opiniile politice, credin\u021bele religioase sau filosofice sau calitatea de membru al unui sindicat, informa\u021biile genetice, informa\u021biile biometrice \u00een scopul identific\u0103rii unice a unui individ, informa\u021biile privind via\u021ba sexual\u0103 sau orientarea sexual\u0103 a unei persoane fizice.<\/p><p><strong>Nu colect\u0103m cu bun\u0103 \u0219tiin\u021b\u0103 sau \u00een mod inten\u021bionat informa\u021bii personale sensibile<\/strong> de la persoane fizice \u0219i v\u0103 rug\u0103m in consecin\u021b\u0103 s\u0103 nu ne furniza\u021bi astfel de date. Dac\u0103, totu\u0219i, ne transmite\u021bi din gre\u0219eal\u0103 sau \u00een mod inten\u021bionat date personale sensibile le vom procesa strict in scopul \u0219tergerii acestora.<\/p><ol start=\"9\"><li><strong> Modific\u0103ri ale politicii noastre de confiden\u021bialitate<\/strong><\/li><\/ol><p>Actualiz\u0103m \u0219i modific\u0103m periodic politica noastr\u0103 de confiden\u021bialitate.<\/p><p>\u00cen cazul \u00een care efectu\u0103m modific\u0103ri minore ale politicii noastre de confiden\u021bialitate, vom actualiza politica de confiden\u021bialitate cu o nou\u0103 dat\u0103 efectiv\u0103, men\u021bionat\u0103 la \u00eenceputul acesteia. Prelucrarea informa\u021biilor dvs. va fi guvernat\u0103 de practicile stabilite \u00een versiune actual\u0103 a politicii de confiden\u021bialitate de la data efectiv\u0103 a acesteia.<\/p><p>\u00cen cazul \u00een care efectu\u0103m modific\u0103ri majore ale politicii noastre de confiden\u021bialitate sau inten\u021bion\u0103m s\u0103 utiliz\u0103m datele dvs. pentru un scop nou sau pentru un scop diferit de scopurile pentru care l-am colectat ini\u021bial, v\u0103 vom notifica prin e-mail (dac\u0103 este posibil) sau prin publicarea unui anun\u021b pe site-ul nostru web.<\/p><p>V\u0103 vom furniza informa\u021biile despre modificarea \u00een cauz\u0103 \u0219i despre scopul \u0219i orice alte informa\u021bii relevante \u00eenainte de a ne utiliza informa\u021biile dvs. pentru noul scop. Ori de c\u00e2te ori este necesar, vom ob\u021bine consim\u021b\u0103m\u00e2ntul dvs. prealabil \u00eenainte de a utiliza informa\u021biile dvs. \u00eentr-un scop diferit de scopurile pentru care l-am colectat ini\u021bial.<\/p><ol start=\"10\"><li><strong> Referin\u021be de pagini de internet ale ter\u021bilor<\/strong><\/li><\/ol><p>Website-ul nostru poate con\u021bine trimiteri c\u0103tre pagini de internet sau aplica\u021bii ale ter\u021bilor. Dac\u0103 face\u021bi clic pe unul dintre aceste referin\u021be, re\u021bine\u021bi c\u0103 fiecare dintre ele va avea propria politic\u0103 de utilizare \u0219i de confiden\u021bialitate \u0219i c\u0103 nu suntem responsabili pentru aceste politici. V\u0103 \u00eencuraj\u0103m s\u0103 citi\u021bi notificarea de confiden\u021bialitate a fiec\u0103rei pagini de internet pe care o vizita\u021bi.<\/p><ol start=\"11\"><li><strong> Detalii de contact<\/strong><\/li><\/ol><p>Pentru orice informa\u021bii suplimentare sau pentru a v\u0103 exercita drepturile, v\u0103 rug\u0103m s\u0103 verifica\u021bi set\u0103rile contului dvs. sau s\u0103 contacta\u021bi Ofi\u021berul nostru de Protec\u021bia Datelor folosind formularul de contact sau prin email la adresa\u00a0info@farrelite.com<\/p><p>De asemenea, consider\u0103m c\u0103 este util sa cunoa\u0219te\u021bi datele de contact ale Autoritatii Na\u021bionale pentru Protec\u021bia Datelor: adres\u0103: B-dul Magheru 28-30, sector 1, Bucuresti, tel.\u00a0<a href=\"about:blank\">+40 21 252 5599<\/a>, fax +40 21 252 5757, e-mail:\u00a0<a href=\"mailto:anspdcp@dataprotection.ro\">anspdcp@dataprotection.ro<\/a>, website:\u00a0<a href=\"http:\/\/www.dataprotection.ro\/\">www.dataprotection.ro<\/a><\/p>\t\t\t\t\t\t\t\t<\/div>\n\t\t\t\t<\/div>\n\t\t\t\t\t<\/div>\n\t\t\t\t<\/div>\n\t\t\t\t<\/div>\n\t\t","protected":false},"excerpt":{"rendered":"<p>Privacy policy Declara\u021bia de confiden\u021bialitate V\u0103 respect\u0103m confiden\u021bialitatea \u0219i ne angaj\u0103m s\u0103 v\u0103 protej\u0103m datele personale. Aceast\u0103 politic\u0103 de confiden\u021bialitate v\u0103 informeaz\u0103 cu privire la modul \u00een care gestion\u0103m datele dvs. cu caracter personal, drepturile dvs. \u0219i modul \u00een care v\u0103 protejeaz\u0103 legea. Citi\u021bi cu aten\u021bie aceast\u0103 politic\u0103 de confiden\u021bialitate \u00eenainte de a utiliza serviciile [&hellip;]<\/p>\n","protected":false},"author":1,"featured_media":0,"parent":0,"menu_order":0,"comment_status":"closed","ping_status":"closed","template":"","meta":{"footnotes":""},"class_list":["post-180","page","type-page","status-publish","hentry"],"_links":{"self":[{"href":"https:\/\/farrelite.com\/index.php\/wp-json\/wp\/v2\/pages\/180","targetHints":{"allow":["GET"]}}],"collection":[{"href":"https:\/\/farrelite.com\/index.php\/wp-json\/wp\/v2\/pages"}],"about":[{"href":"https:\/\/farrelite.com\/index.php\/wp-json\/wp\/v2\/types\/page"}],"author":[{"embeddable":true,"href":"https:\/\/farrelite.com\/index.php\/wp-json\/wp\/v2\/users\/1"}],"replies":[{"embeddable":true,"href":"https:\/\/farrelite.com\/index.php\/wp-json\/wp\/v2\/comments?post=180"}],"version-history":[{"count":7,"href":"https:\/\/farrelite.com\/index.php\/wp-json\/wp\/v2\/pages\/180\/revisions"}],"predecessor-version":[{"id":253,"href":"https:\/\/farrelite.com\/index.php\/wp-json\/wp\/v2\/pages\/180\/revisions\/253"}],"wp:attachment":[{"href":"https:\/\/farrelite.com\/index.php\/wp-json\/wp\/v2\/media?parent=180"}],"curies":[{"name":"wp","href":"https:\/\/api.w.org\/{rel}","templated":true}]}}